{"id":1709,"date":"2019-04-08T09:25:00","date_gmt":"2019-04-08T07:25:00","guid":{"rendered":"http:\/\/peram.de\/cms\/?page_id=1709"},"modified":"2020-06-06T15:29:12","modified_gmt":"2020-06-06T13:29:12","slug":"agb","status":"publish","type":"page","link":"https:\/\/peram.de\/de_de\/agb\/","title":{"rendered":"AGB"},"content":{"rendered":"<p><strong>Allgemeine Verkaufsbedingungen<\/strong><\/p>\n<p>Der Firma Peram Handelsgesellschaft mbH<\/p>\n<p>1.) F\u00fcr mit uns abgeschlossene Vertr\u00e4ge gelten unsere Allgemeinen Verkaufsbedingungen. Bei Widerspr\u00fcchen zwischen den Allgemeinen Verkaufsbedingungen und der umseitigen Best\u00e4tigung hat die Best\u00e4tigung Vorrang. Erg\u00e4nzend gelten f\u00fcr nicht deutsche Vertragspartner die Regelungen der Incoterms mit Ausnahme der darin etwa enthaltenen Vereinbarungen \u00fcber Gerichtsstand, anwendbares Recht und Schiedsvereinbarungen. Einkaufs- \/ Verkaufsbedingungen unserer Vertragspartner erkennen wir nicht an, es sei denn, dass wir schriftlich best\u00e4tigen, derartige Bedingungen anzuerkennen.<\/p>\n<p>2.) F\u00fcr die Berechnung des Kaufpreises ist das Abgangsgewicht ma\u00dfgeblich. Der Kaufpreis erh\u00f6ht sich jeweils um die f\u00fcr das Gesch\u00e4ft vorgeschriebenen gesetzlichen Steuern und Abgaben einschlie\u00dflich der jeweils geltenden Umsatzsteuers\u00e4tze. Wir sind berechtigt, unsere Anspr\u00fcche gegen\u00fcber dem K\u00e4ufer an Dritte abzutreten. Der Kaufpreis ist netto Kasse zu bezahlen, es sei denn, es ist ausdr\u00fccklich schriftlich etwas anderes vereinbart. Ohne besondere Vereinbarungen beginnen Zahlungsfristen und Zahlungsziele mit dem Datum unserer Rechnung. Erfolgt die Lieferung vor der Rechnungsstellung, beginnt die Frist mit dem Tag der Lieferung. H\u00e4lt der K\u00e4ufer die Zahlungsfrist nicht ein, sind wir ohne Mahnung berechtigt, Verzugszinsen zu berechnen. Bei Zahlungsr\u00fcckst\u00e4nden sind wir berechtigt, einger\u00e4umte Zahlungsziele zu widerrufen. In einem solchen Fall k\u00f6nnen bei Dauerlieferungsvertr\u00e4gen vom Kunden Vorauszahlungen auf die noch zu erf\u00fcllenden Lieferungen verlangt werden.<\/p>\n<p>3.) Die H\u00f6he des Verzugszinses richtet sich nach \u00a7 288 BGB (8 % Punkte \u00fcber dem Basiszinssatz). Die Geltendmachung eines h\u00f6heren Verzugszinses ist uns bei entsprechendem Nachweis gestattet.<\/p>\n<p>4.) Wir sind berechtigt, Teillieferungen vorzunehmen. Minder- bzw. Mehrlieferungen bis zu 10 % der vereinbarten Menge gelten als vertragsgem\u00e4\u00df. Der jeweilige Minderpreis bzw. Mehrpreis ist zu ber\u00fccksichtigen. Verz\u00f6gert sich unsere Lieferung, hat der K\u00e4ufer eine angemessene Nachfrist von mindestens zwei Wochen zu gew\u00e4hren. Unsere Lieferverpflichtung steht unter dem Vorbehalt der richtigen und rechtzeitigen Selbstbelieferung. In F\u00e4llen, in denen unser Vorlieferant sich auf h\u00f6here Gewalt oder sonstige Umst\u00e4nde beruft, die ihn entsch\u00e4digungslos leistungsfrei machen, sind wir gegen\u00fcber unserem Kunden ebenfalls von der Leistung befreit. Wir sind nicht verpflichtet, unseren Vorlieferanten gerichtlich auf Erf\u00fcllung in Anspruch zu nehmen. Die Leistungsfreiheit tritt f\u00fcr uns vielmehr ein, wenn der Vorlieferant trotz schriftlicher Mahnung die Erf\u00fcllung verweigert. Wir selbst sind im \u00fcbrigen in folgenden F\u00e4llen, die als F\u00e4lle h\u00f6herer Gewalt gelten, ohne weitere Verpflichtung von der Lieferung frei: Bei Streik, Aussperrung, durch die die Einhaltung der Lieferfristen verz\u00f6gert wird; bei Betriebsst\u00f6rungen aller Art \/ St\u00f6rungen in der Vor- und Betriebsstoffbeschaffung; bei St\u00f6rungen im Versand \/ Transport der Ware, es sei denn, uns, unseren Organen oder solchen Erf\u00fcllungsgehilfen, denen wir besondere Leistungsaufgaben \u00fcbertragen haben, h\u00e4tten die St\u00f6rung vors\u00e4tzlich oder grob fahrl\u00e4ssig verursacht; Ausbleiben richtiger und rechtzeitiger Selbstbelieferungen; sonstige Umst\u00e4nde, die au\u00dferhalb unserer Einflusssph\u00e4re liegen. In diesen F\u00e4llen ist der K\u00e4ufer berechtigt, nach Ablauf der von ihm gesetzten angemessenen Nachfrist von mindestens zwei Wochen die Erf\u00fcllung abzulehnen. Schadensersatzanspr\u00fcche des K\u00e4ufers jeglicher Art sind ausgeschlossen.<\/p>\n<p>5.) Die Gefahr des zuf\u00e4lligen Unterganges und der Verschlechterung der Ware vom jeweiligen Versandort bis zum K\u00e4ufer tr\u00e4gt der K\u00e4ufer. Das gleiche gilt f\u00fcr etwaige Gewichtsverluste w\u00e4hrend des Versandes. Gibt der K\u00e4ufer nicht rechtzeitig an, wohin die Ware versandt werden soll, sind wir berechtigt, nach billigem Ermessen zu bestimmen, an welche der uns bekannten Adressen des K\u00e4ufers die Auslieferung erfolgen soll. Wir sind berechtigt, die Versandart und den Versandweg selbst zu bestimmen. Sonderw\u00fcnsche, insbesondere Luft- und\/oder Expressgutversendungen m\u00fcssen wir nur ber\u00fccksichtigen, wenn der K\u00e4ufer sich vorher verpflichtet, die Mehrkosten gegen\u00fcber der von uns sonst gew\u00e4hrleisteten Versandart zu bezahlen.<\/p>\n<p>6.) Die Produktspezifikationen stellen keine Garantie dar, sondern eine blo\u00dfe Beschreibung der Eigenschaften der Ware. Wir \u00fcbernehmen keine Gew\u00e4hrleistung daf\u00fcr, dass die von uns gelieferten Produkte frei von Schutzrechten einschlie\u00dflich von Patentrechten Dritter sind. Beanstandungen wegen des Lieferma\u00dfes, Liefergewichtes und der Liefermenge sind sp\u00e4testens innerhalb von drei Arbeitstagen nach Eingang der Ware am Bestimmungsort schriftlich vom K\u00e4ufer vorzubringen. Offensichtliche M\u00e4ngel bzw. das Fehlen etwa zugesicherter Eigenschaften sind unverz\u00fcglich, sp\u00e4testens innerhalb von zwei Wochen nach Eingang der Ware beim K\u00e4ufer schriftlich zu r\u00fcgen. Versteckte M\u00e4ngel sind unverz\u00fcglich nach Feststellung schriftlich zu r\u00fcgen. Eine R\u00fcge wegen versteckter M\u00e4ngel ist ausgeschlossen, wenn ein Zeitraum von 6 Wochen nach Anlieferung am Bestimmungsort verstrichen ist. Sind die vorgenannten Fristen f\u00fcr die M\u00e4ngelbeanstandungen verstrichen, sind Anspr\u00fcche des K\u00e4ufers wegen dieser M\u00e4ngel ausgeschlossen. Als versteckte M\u00e4ngel gelten nur solche, die nicht durch Inaugenscheinnahme der Ware und\/oder chemische und\/oder Reinheitsuntersuchung festgestellt werden k\u00f6nnen. Der K\u00e4ufer hat uns Gelegenheit zu geben, innerhalb einer Frist von 8 Tagen wegen einer R\u00fcge eine eigene Untersuchung der Ware vorzunehmen. Erhalten wir diese Gelegenheit nicht, entfallen ebenfalls jegliche Anspr\u00fcche des K\u00e4ufers. Das gilt auch, wenn die gelieferte Ware durch den K\u00e4ufer und\/oder seinen Abnehmer oder Erf\u00fcllungsgehilfen be- oder verarbeitet wird, bevor uns Gelegenheit gegeben wurde, die Ware zu untersuchen.<\/p>\n<p>7.) Vertragliche und\/oder gesetzliche Haftungsanspr\u00fcche des K\u00e4ufers gegen uns sind ausgeschlossen, es sei denn, es l\u00e4ge Vorsatz oder grobe Fahrl\u00e4ssigkeit auf unserer Seite oder seitens unserer leitenden Organe vor. Gew\u00e4hrleistungsrechte im Falle der nicht vertragsgem\u00e4\u00dfen Erf\u00fcllung beschr\u00e4nken sich nach unserer Wahl auf Ersatzlieferung oder Minderung. Geraten wir mit unserer Verpflichtung, das Wahlrecht auszu\u00fcben, in Verzug, ist der K\u00e4ufer berechtigt, uns eine angemessene Frist zu setzen. L\u00e4uft diese Frist ergebnislos ab, hat er das Recht, vom Kaufvertrag zur\u00fcckzutreten. Weitergehende Gew\u00e4hrleistungsrechte sowie Anspr\u00fcche statt oder neben der Leistung sind ausgeschlossen, soweit sie nicht unsererseits durch eine Haftpflichtversicherung abgedeckt sind. F\u00fcr den Fall, dass wir eine bestimmte Eigenschaft schriftlich bei Vertragsschluss zugesichert haben, gilt folgendes: Im Falle rechtzeitiger R\u00fcge eines Mangels durch den K\u00e4ufer sind wir berechtigt, nach unserer Wahl den Fehler kostenlos zu beseitigen oder eine kostenfreie Ersatzlieferung vorzunehmen. Ist die Fehlerbeseitigung \/ Ersatzlieferung innerhalb angemessener Frist nicht m\u00f6glich, ist der Ersatzanspruch des K\u00e4ufers auf den unmittelbaren Schaden an der Ware beschr\u00e4nkt, d. h. den Anspruch auf Schadenersatz statt der Leistung. Ein Schadenersatzanspruch neben der Leistung (Mangelfolgeschadensersatzanspruch) besteht nicht. Die H\u00f6he des Anspruches auf Schadenersatz statt der Leistung ist der H\u00f6he nach durch die Leistung unserer Haftpflichtversicherung (Axa Colonia) beschr\u00e4nkt. S\u00e4mtliche Anspr\u00fcche, die der K\u00e4ufer aufgrund der vertragsgegenst\u00e4ndlichen Lieferung haben k\u00f6nnte, unterliegen einer Ausschlussfrist von 12 Monaten nach Ablieferung am Bestimmungsort. Diese Ausschlussfrist kann nur unterbrochen werden durch eine gerichtliche Geltendmachung der Rechte des K\u00e4ufers. Dazu geh\u00f6rt auch ein selbst\u00e4ndiges gerichtliches Beweisverfahren.<\/p>\n<p>8.) Soweit aufgrund gesetzlicher Regelungen die Produkthaftpflicht ausgeschlossen werden kann, gilt dieser Ausschluss als vereinbart. In dem Rahmen, in dem ein Ausschluss nicht m\u00f6glich ist, beschr\u00e4nkt sich unsere Haftung auf Vorsatz und grobe Fahrl\u00e4ssigkeit der Gesch\u00e4ftsf\u00fchrer oder der leitenden Angestellten. In allen F\u00e4llen der gesetzlichen und sonstigen Produkthaftpflichtanspr\u00fcche des K\u00e4ufers beschr\u00e4nkt sich unsere Haftung der H\u00f6he nach maximal auf den dem K\u00e4ufer nachgewiesenen Produkthaftpflichtversicherungsbetrag.<\/p>\n<p>9.) Schmerzensgeldanspr\u00fcche aufgrund von Vertragsverletzungen und der Gef\u00e4hrdungshaftung, sowie zivilrechtliche Anspr\u00fcche jeder Art, die Strafcharakter haben, sind uns gegen\u00fcber ausgeschlossen.<\/p>\n<p>10.) Aufrechnungen gegen f\u00e4llige Forderungen durch den K\u00e4ufer sind ausgeschlossen, es sei denn, dass die Forderung gegen uns rechtskr\u00e4ftig feststeht oder von uns anerkannt wurde.<\/p>\n<p>11.) Wir behalten uns das Eigentum an der von uns gelieferten Ware bis zur Erf\u00fcllung aller unserer gegenw\u00e4rtigen und\/oder k\u00fcnftigen Forderungen aus der Gesch\u00e4ftsverbindung mit dem K\u00e4ufer vor. Der K\u00e4ufer ist verpflichtet, die von uns gelieferte Ware getrennt zu lagern und zu kennzeichnen. Eine Verarbeitung oder Umbildung der von uns gelieferten Ware durch den K\u00e4ufer erfolgt f\u00fcr uns, woraus jedoch f\u00fcr uns keine Verpflichtungen entstehen. Im Falle der Verbindung, Vermischung, Vermengung oder Verarbeitung von Vorbehaltsware durch den K\u00e4ufer mit anderer Ware oder in dem Fall, dass der K\u00e4ufer die Vorbehaltsware mit anderen Waren umbildet, erlangen wir an der entstandenen neuen Ware Miteigentum im Verh\u00e4ltnis des Rechnungswertes der Vorbehaltsware zu den anderen Waren. Die neue Ware ist vereinbarungsgem\u00e4\u00df Vorbehaltsware im Sinne dieser Bedingungen. Eine Ver\u00e4u\u00dferung, Verarbeitung, Vermischung u.s.w. der Vorbehaltsware ist dem K\u00e4ufer im ordnungsgem\u00e4\u00dfen Gesch\u00e4ftsverkehr gestattet. Sonstige Verf\u00fcgungen, insbesondere Sicherungs\u00fcbereignungen oder Verpf\u00e4ndungen der Vorbehaltsware sind ohne unsere schriftliche Zustimmung unzul\u00e4ssig. S\u00e4mtliche Forderungen des K\u00e4ufers, die dieser bez\u00fcglich der Vorbehaltsware aus deren Weiterver\u00e4u\u00dferung \/ sonstigen Rechtsgr\u00fcnden gegen Dritte hat, tritt der K\u00e4ufer mit Abschluss des Vortrages im voraus in voller H\u00f6he an uns ab. Soweit Miteigentum betroffen ist, betrifft die Abtretung nur den unseren Miteigentumsanteil entsprechenden Forderungsanteil. Ein Weiterverkauf \/ die Weiterverf\u00fcgung ist nur unter Sicherstellung dieser Abtretung gestattet. Der K\u00e4ufer ist berechtigt, eine R\u00fcckabtretung in entsprechendem Umfang zu beanspruchen, sofern die uns auf diese Weise gew\u00e4hrten Sicherheitsabtretungen und\/oder Sicherheiten wertgem\u00e4\u00df unsere Forderungen gegen den K\u00e4ufer um mehr als 20 % \u00fcbersteigen. Dabei haben wir das Wahlrecht, welche der von uns abgetretenen Forderungen \/ Rechte wir freigeben.<\/p>\n<p>12.) Erf\u00fcllungsort f\u00fcr die Zahlungsverpflichtungen des K\u00e4ufers ist Hamburg. Gerichtsstand f\u00fcr Streitigkeiten im Zusammenhang mit dem Vertrag ist Hamburg. Dies gilt auch f\u00fcr Wechsel- \/ Scheckprozesse. Wir sind jedoch berechtigt, Klagen am allgemeinen Gerichtsstand des K\u00e4ufers zu erheben. Es gilt das Recht der Bundesrepublik Deutschland unter Ausschluss des einheitlichen Gesetzes \u00fcber den Abschluss von internationalen Kaufvertr\u00e4gen und den internationalen Kauf beweglicher Sachen. Soweit in F\u00e4llen des \u00dcberseegesch\u00e4ftes auf die Incoterms oder vergleichbare Bedingungen anderer Art in Konossementen und\/oder sonstigen Dokumenten Bezug genommen wird, haben unsere Verkaufsbedingungen den Vorrang. Das gilt auch bez\u00fcglich des Gerichtsstandes und des anwendbaren Rechts.<\/p>\n","protected":false},"excerpt":{"rendered":"<p>Allgemeine Verkaufsbedingungen Der Firma Peram Handelsgesellschaft mbH 1.) F\u00fcr mit uns abgeschlossene Vertr\u00e4ge gelten unsere Allgemeinen Verkaufsbedingungen. Bei Widerspr\u00fcchen zwischen den Allgemeinen Verkaufsbedingungen und der umseitigen Best\u00e4tigung hat die Best\u00e4tigung &#8230;<\/p>\n","protected":false},"author":1,"featured_media":1505,"parent":0,"menu_order":0,"comment_status":"closed","ping_status":"closed","template":"","meta":{"_acf_changed":false,"inline_featured_image":false,"footnotes":""},"class_list":["post-1709","page","type-page","status-publish","has-post-thumbnail","hentry"],"acf":[],"yoast_head":"<!-- This site is optimized with the Yoast SEO plugin v27.4 - https:\/\/yoast.com\/product\/yoast-seo-wordpress\/ -->\n<title>AGB - PERAM<\/title>\n<meta name=\"description\" content=\"Allgemeine Verkaufsbedingungen der Firma Peram Handelsgesellschaft mbH 1.) F\u00fcr mit uns abgeschlossene Vertr\u00e4ge gelten unsere Allgemeinen Verkaufsbedingungen\" \/>\n<meta name=\"robots\" content=\"index, follow, max-snippet:-1, max-image-preview:large, max-video-preview:-1\" \/>\n<link rel=\"canonical\" href=\"https:\/\/peram.de\/de_de\/agb\/\" \/>\n<meta property=\"og:locale\" content=\"de_DE\" \/>\n<meta property=\"og:type\" content=\"article\" \/>\n<meta property=\"og:title\" content=\"AGB - PERAM\" \/>\n<meta property=\"og:description\" content=\"Allgemeine Verkaufsbedingungen der Firma Peram Handelsgesellschaft mbH 1.) F\u00fcr mit uns abgeschlossene Vertr\u00e4ge gelten unsere Allgemeinen Verkaufsbedingungen\" \/>\n<meta property=\"og:url\" content=\"https:\/\/peram.de\/de_de\/agb\/\" \/>\n<meta property=\"og:site_name\" content=\"PERAM\" \/>\n<meta property=\"article:modified_time\" content=\"2020-06-06T13:29:12+00:00\" \/>\n<meta property=\"og:image\" content=\"https:\/\/peram.de\/cms\/wp-content\/uploads\/peram_hero.jpg\" \/>\n\t<meta property=\"og:image:width\" content=\"1600\" \/>\n\t<meta property=\"og:image:height\" content=\"1353\" \/>\n\t<meta property=\"og:image:type\" content=\"image\/jpeg\" \/>\n<meta name=\"twitter:card\" content=\"summary_large_image\" \/>\n<meta name=\"twitter:label1\" content=\"Gesch\u00e4tzte Lesezeit\" \/>\n\t<meta name=\"twitter:data1\" content=\"8\u00a0Minuten\" \/>\n<script type=\"application\/ld+json\" class=\"yoast-schema-graph\">{\"@context\":\"https:\\\/\\\/schema.org\",\"@graph\":[{\"@type\":\"WebPage\",\"@id\":\"https:\\\/\\\/peram.de\\\/en\\\/agb\\\/\",\"url\":\"https:\\\/\\\/peram.de\\\/en\\\/agb\\\/\",\"name\":\"AGB - PERAM\",\"isPartOf\":{\"@id\":\"https:\\\/\\\/peram.de\\\/de_de\\\/#website\"},\"primaryImageOfPage\":{\"@id\":\"https:\\\/\\\/peram.de\\\/en\\\/agb\\\/#primaryimage\"},\"image\":{\"@id\":\"https:\\\/\\\/peram.de\\\/en\\\/agb\\\/#primaryimage\"},\"thumbnailUrl\":\"https:\\\/\\\/peram.de\\\/cms\\\/wp-content\\\/uploads\\\/peram_hero.jpg\",\"datePublished\":\"2019-04-08T07:25:00+00:00\",\"dateModified\":\"2020-06-06T13:29:12+00:00\",\"description\":\"Allgemeine Verkaufsbedingungen der Firma Peram Handelsgesellschaft mbH 1.) F\u00fcr mit uns abgeschlossene Vertr\u00e4ge gelten unsere Allgemeinen Verkaufsbedingungen\",\"breadcrumb\":{\"@id\":\"https:\\\/\\\/peram.de\\\/en\\\/agb\\\/#breadcrumb\"},\"inLanguage\":\"de\",\"potentialAction\":[{\"@type\":\"ReadAction\",\"target\":[\"https:\\\/\\\/peram.de\\\/en\\\/agb\\\/\"]}]},{\"@type\":\"ImageObject\",\"inLanguage\":\"de\",\"@id\":\"https:\\\/\\\/peram.de\\\/en\\\/agb\\\/#primaryimage\",\"url\":\"https:\\\/\\\/peram.de\\\/cms\\\/wp-content\\\/uploads\\\/peram_hero.jpg\",\"contentUrl\":\"https:\\\/\\\/peram.de\\\/cms\\\/wp-content\\\/uploads\\\/peram_hero.jpg\",\"width\":1600,\"height\":627,\"caption\":\"Peram Handelsges. mbH\"},{\"@type\":\"BreadcrumbList\",\"@id\":\"https:\\\/\\\/peram.de\\\/en\\\/agb\\\/#breadcrumb\",\"itemListElement\":[{\"@type\":\"ListItem\",\"position\":1,\"name\":\"Home\",\"item\":\"https:\\\/\\\/peram.de\\\/de_de\\\/\"},{\"@type\":\"ListItem\",\"position\":2,\"name\":\"AGB\"}]},{\"@type\":\"WebSite\",\"@id\":\"https:\\\/\\\/peram.de\\\/de_de\\\/#website\",\"url\":\"https:\\\/\\\/peram.de\\\/de_de\\\/\",\"name\":\"PERAM\",\"description\":\"Eine weitere WordPress-Website\",\"publisher\":{\"@id\":\"https:\\\/\\\/peram.de\\\/de_de\\\/#organization\"},\"potentialAction\":[{\"@type\":\"SearchAction\",\"target\":{\"@type\":\"EntryPoint\",\"urlTemplate\":\"https:\\\/\\\/peram.de\\\/de_de\\\/?s={search_term_string}\"},\"query-input\":{\"@type\":\"PropertyValueSpecification\",\"valueRequired\":true,\"valueName\":\"search_term_string\"}}],\"inLanguage\":\"de\"},{\"@type\":\"Organization\",\"@id\":\"https:\\\/\\\/peram.de\\\/de_de\\\/#organization\",\"name\":\"Peram Handelsges. mbH\",\"url\":\"https:\\\/\\\/peram.de\\\/de_de\\\/\",\"logo\":{\"@type\":\"ImageObject\",\"inLanguage\":\"de\",\"@id\":\"https:\\\/\\\/peram.de\\\/de_de\\\/#\\\/schema\\\/logo\\\/image\\\/\",\"url\":\"https:\\\/\\\/peram.de\\\/cms\\\/wp-content\\\/uploads\\\/peram-logo-header.png\",\"contentUrl\":\"https:\\\/\\\/peram.de\\\/cms\\\/wp-content\\\/uploads\\\/peram-logo-header.png\",\"width\":136,\"height\":60,\"caption\":\"Peram Handelsges. mbH\"},\"image\":{\"@id\":\"https:\\\/\\\/peram.de\\\/de_de\\\/#\\\/schema\\\/logo\\\/image\\\/\"}}]}<\/script>\n<!-- \/ Yoast SEO plugin. -->","yoast_head_json":{"title":"AGB - PERAM","description":"Allgemeine Verkaufsbedingungen der Firma Peram Handelsgesellschaft mbH 1.) F\u00fcr mit uns abgeschlossene Vertr\u00e4ge gelten unsere Allgemeinen Verkaufsbedingungen","robots":{"index":"index","follow":"follow","max-snippet":"max-snippet:-1","max-image-preview":"max-image-preview:large","max-video-preview":"max-video-preview:-1"},"canonical":"https:\/\/peram.de\/de_de\/agb\/","og_locale":"de_DE","og_type":"article","og_title":"AGB - PERAM","og_description":"Allgemeine Verkaufsbedingungen der Firma Peram Handelsgesellschaft mbH 1.) F\u00fcr mit uns abgeschlossene Vertr\u00e4ge gelten unsere Allgemeinen Verkaufsbedingungen","og_url":"https:\/\/peram.de\/de_de\/agb\/","og_site_name":"PERAM","article_modified_time":"2020-06-06T13:29:12+00:00","og_image":[{"width":1600,"height":1353,"url":"https:\/\/peram.de\/cms\/wp-content\/uploads\/peram_hero.jpg","type":"image\/jpeg"}],"twitter_card":"summary_large_image","twitter_misc":{"Gesch\u00e4tzte Lesezeit":"8\u00a0Minuten"},"schema":{"@context":"https:\/\/schema.org","@graph":[{"@type":"WebPage","@id":"https:\/\/peram.de\/en\/agb\/","url":"https:\/\/peram.de\/en\/agb\/","name":"AGB - PERAM","isPartOf":{"@id":"https:\/\/peram.de\/de_de\/#website"},"primaryImageOfPage":{"@id":"https:\/\/peram.de\/en\/agb\/#primaryimage"},"image":{"@id":"https:\/\/peram.de\/en\/agb\/#primaryimage"},"thumbnailUrl":"https:\/\/peram.de\/cms\/wp-content\/uploads\/peram_hero.jpg","datePublished":"2019-04-08T07:25:00+00:00","dateModified":"2020-06-06T13:29:12+00:00","description":"Allgemeine Verkaufsbedingungen der Firma Peram Handelsgesellschaft mbH 1.) F\u00fcr mit uns abgeschlossene Vertr\u00e4ge gelten unsere Allgemeinen Verkaufsbedingungen","breadcrumb":{"@id":"https:\/\/peram.de\/en\/agb\/#breadcrumb"},"inLanguage":"de","potentialAction":[{"@type":"ReadAction","target":["https:\/\/peram.de\/en\/agb\/"]}]},{"@type":"ImageObject","inLanguage":"de","@id":"https:\/\/peram.de\/en\/agb\/#primaryimage","url":"https:\/\/peram.de\/cms\/wp-content\/uploads\/peram_hero.jpg","contentUrl":"https:\/\/peram.de\/cms\/wp-content\/uploads\/peram_hero.jpg","width":1600,"height":627,"caption":"Peram Handelsges. mbH"},{"@type":"BreadcrumbList","@id":"https:\/\/peram.de\/en\/agb\/#breadcrumb","itemListElement":[{"@type":"ListItem","position":1,"name":"Home","item":"https:\/\/peram.de\/de_de\/"},{"@type":"ListItem","position":2,"name":"AGB"}]},{"@type":"WebSite","@id":"https:\/\/peram.de\/de_de\/#website","url":"https:\/\/peram.de\/de_de\/","name":"PERAM","description":"Eine weitere WordPress-Website","publisher":{"@id":"https:\/\/peram.de\/de_de\/#organization"},"potentialAction":[{"@type":"SearchAction","target":{"@type":"EntryPoint","urlTemplate":"https:\/\/peram.de\/de_de\/?s={search_term_string}"},"query-input":{"@type":"PropertyValueSpecification","valueRequired":true,"valueName":"search_term_string"}}],"inLanguage":"de"},{"@type":"Organization","@id":"https:\/\/peram.de\/de_de\/#organization","name":"Peram Handelsges. mbH","url":"https:\/\/peram.de\/de_de\/","logo":{"@type":"ImageObject","inLanguage":"de","@id":"https:\/\/peram.de\/de_de\/#\/schema\/logo\/image\/","url":"https:\/\/peram.de\/cms\/wp-content\/uploads\/peram-logo-header.png","contentUrl":"https:\/\/peram.de\/cms\/wp-content\/uploads\/peram-logo-header.png","width":136,"height":60,"caption":"Peram Handelsges. mbH"},"image":{"@id":"https:\/\/peram.de\/de_de\/#\/schema\/logo\/image\/"}}]}},"_links":{"self":[{"href":"https:\/\/peram.de\/de_de\/wp-json\/wp\/v2\/pages\/1709","targetHints":{"allow":["GET"]}}],"collection":[{"href":"https:\/\/peram.de\/de_de\/wp-json\/wp\/v2\/pages"}],"about":[{"href":"https:\/\/peram.de\/de_de\/wp-json\/wp\/v2\/types\/page"}],"author":[{"embeddable":true,"href":"https:\/\/peram.de\/de_de\/wp-json\/wp\/v2\/users\/1"}],"replies":[{"embeddable":true,"href":"https:\/\/peram.de\/de_de\/wp-json\/wp\/v2\/comments?post=1709"}],"version-history":[{"count":0,"href":"https:\/\/peram.de\/de_de\/wp-json\/wp\/v2\/pages\/1709\/revisions"}],"wp:featuredmedia":[{"embeddable":true,"href":"https:\/\/peram.de\/de_de\/wp-json\/wp\/v2\/media\/1505"}],"wp:attachment":[{"href":"https:\/\/peram.de\/de_de\/wp-json\/wp\/v2\/media?parent=1709"}],"curies":[{"name":"wp","href":"https:\/\/api.w.org\/{rel}","templated":true}]}}